{"id":11,"date":"2021-08-10T20:34:32","date_gmt":"2021-08-10T20:34:32","guid":{"rendered":"https:\/\/snoa.com\/new\/?page_id=11"},"modified":"2021-09-29T20:31:39","modified_gmt":"2021-09-29T20:31:39","slug":"home","status":"publish","type":"page","link":"https:\/\/snoa.com\/new\/","title":{"rendered":"Home"},"content":{"rendered":"\t\t<div data-elementor-type=\"wp-page\" data-elementor-id=\"11\" class=\"elementor elementor-11\" data-elementor-settings=\"[]\">\n\t\t\t\t\t\t\t<div class=\"elementor-section-wrap\">\n\t\t\t\t\t\t\t<section data-particle_enable=\"false\" data-particle-mobile-disabled=\"false\" class=\"elementor-section elementor-top-section elementor-element elementor-element-e982cd2 elementor-section-height-min-height elementor-section-boxed elementor-section-height-default elementor-section-items-middle\" data-id=\"e982cd2\" data-element_type=\"section\" data-settings=\"{&quot;background_background&quot;:&quot;slideshow&quot;,&quot;background_slideshow_gallery&quot;:[{&quot;id&quot;:208,&quot;url&quot;:&quot;https:\\\/\\\/snoa.com\\\/new\\\/wp-content\\\/uploads\\\/2021\\\/08\\\/snoa_slider_3-1.jpg&quot;},{&quot;id&quot;:209,&quot;url&quot;:&quot;https:\\\/\\\/snoa.com\\\/new\\\/wp-content\\\/uploads\\\/2021\\\/08\\\/snoa_slider_1-1.jpg&quot;},{&quot;id&quot;:210,&quot;url&quot;:&quot;https:\\\/\\\/snoa.com\\\/new\\\/wp-content\\\/uploads\\\/2021\\\/08\\\/snoa_slider_2-1.jpg&quot;}],&quot;background_slideshow_loop&quot;:&quot;yes&quot;,&quot;background_slideshow_slide_duration&quot;:5000,&quot;background_slideshow_slide_transition&quot;:&quot;fade&quot;,&quot;background_slideshow_transition_duration&quot;:500}\">\n\t\t\t\t\t\t\t<div class=\"elementor-background-overlay\"><\/div>\n\t\t\t\t\t\t\t<div class=\"elementor-container elementor-column-gap-default\">\n\t\t\t\t\t<div class=\"elementor-column elementor-col-100 elementor-top-column elementor-element elementor-element-afa8c4c\" data-id=\"afa8c4c\" data-element_type=\"column\">\n\t\t\t<div class=\"elementor-widget-wrap\">\n\t\t\t\t\t\t\t\t\t<\/div>\n\t\t<\/div>\n\t\t\t\t\t\t\t<\/div>\n\t\t<\/section>\n\t\t\t\t<section data-particle_enable=\"false\" data-particle-mobile-disabled=\"false\" class=\"elementor-section elementor-top-section elementor-element elementor-element-7fb36978 elementor-section-boxed elementor-section-height-default elementor-section-height-default\" data-id=\"7fb36978\" data-element_type=\"section\" data-settings=\"{&quot;background_background&quot;:&quot;classic&quot;}\">\n\t\t\t\t\t\t\t<div class=\"elementor-background-overlay\"><\/div>\n\t\t\t\t\t\t\t<div class=\"elementor-container elementor-column-gap-default\">\n\t\t\t\t\t<div class=\"elementor-column elementor-col-50 elementor-top-column elementor-element elementor-element-2a48e337\" data-id=\"2a48e337\" data-element_type=\"column\">\n\t\t\t<div class=\"elementor-widget-wrap elementor-element-populated\">\n\t\t\t\t\t\t\t\t<div class=\"elementor-element elementor-element-4b24a6c6 elementor-invisible elementor-widget elementor-widget-heading\" data-id=\"4b24a6c6\" data-element_type=\"widget\" data-settings=\"{&quot;_animation&quot;:&quot;fadeInUp&quot;}\" data-widget_type=\"heading.default\">\n\t\t\t\t<div class=\"elementor-widget-container\">\n\t\t\t<span class=\"elementor-heading-title elementor-size-default\">Where ancient Jewish history and\nritual meet in the Dutch Caribbean<\/span>\t\t<\/div>\n\t\t\t\t<\/div>\n\t\t\t\t<div class=\"elementor-element elementor-element-3e281c4e animated-slow elementor-invisible elementor-widget elementor-widget-heading\" data-id=\"3e281c4e\" data-element_type=\"widget\" data-settings=\"{&quot;_animation&quot;:&quot;fadeInUp&quot;}\" data-widget_type=\"heading.default\">\n\t\t\t\t<div class=\"elementor-widget-container\">\n\t\t\t<h2 class=\"elementor-heading-title elementor-size-default\">Mikv\u00e9 Israel-Emanuel<\/h2>\t\t<\/div>\n\t\t\t\t<\/div>\n\t\t\t\t<div class=\"elementor-element elementor-element-dafb628 animated-slow elementor-invisible elementor-widget elementor-widget-text-editor\" data-id=\"dafb628\" data-element_type=\"widget\" data-settings=\"{&quot;_animation&quot;:&quot;fadeInUp&quot;}\" data-widget_type=\"text-editor.default\">\n\t\t\t\t<div class=\"elementor-widget-container\">\n\t\t\t\t\t\t\t<p>The Mikv\u00e9 Israel-Emanuel synagogue in Cura\u00e7ao was consecrated in 1732. It is the oldest synagogue in continuous use in the Americas. The synagogue connects you to Spanish and Portuguese Jewish roots that can be traced back to the Iberian peninsula of the 1500s. Worshippers come together for regular weekly Shabbat services Friday evenings at 6:30 and Saturday mornings at 10:00 as well as on all Jewish holidays.<\/p>\n<p>The harbor and inner city of the island\u2019s capital Willemstad were designated a World Heritage site by UNESCO in 1997. The city features colorful and historical Dutch colonial architecture, which includes Mikv\u00e9 Israel-Emanuel synagogue. It is one of the island\u2019s prime historical monuments with its unique architecture, ancient mahogany furniture and magnificent chandeliers, gleaming silver and brass ornaments and symbolic sand floor. Immerse yourself in almost 400 years of history. The Mikv\u00e9 Israel-Emanuel synagogue, where Jewish history and ritual meet Cura\u00e7ao\u2019s cultural history and monuments.<\/p>\t\t\t\t\t\t<\/div>\n\t\t\t\t<\/div>\n\t\t\t\t\t<\/div>\n\t\t<\/div>\n\t\t\t\t<div class=\"elementor-column elementor-col-50 elementor-top-column elementor-element elementor-element-36c7fe78\" data-id=\"36c7fe78\" data-element_type=\"column\">\n\t\t\t<div class=\"elementor-widget-wrap elementor-element-populated\">\n\t\t\t\t\t\t\t\t<div class=\"elementor-element elementor-element-42cbad2e elementor-widget__width-initial elementor-invisible elementor-widget elementor-widget-image\" data-id=\"42cbad2e\" data-element_type=\"widget\" data-settings=\"{&quot;_animation&quot;:&quot;fadeInUp&quot;}\" data-widget_type=\"image.default\">\n\t\t\t\t<div class=\"elementor-widget-container\">\n\t\t\t\t\t\t\t\t\t\t\t\t\t\t\t<img loading=\"lazy\" decoding=\"async\" width=\"548\" height=\"821\" src=\"https:\/\/snoa.com\/new\/wp-content\/uploads\/2021\/08\/detail-organ.jpg\" class=\"attachment-full size-full\" alt=\"\" srcset=\"https:\/\/snoa.com\/new\/wp-content\/uploads\/2021\/08\/detail-organ.jpg 548w, https:\/\/snoa.com\/new\/wp-content\/uploads\/2021\/08\/detail-organ-200x300.jpg 200w\" sizes=\"auto, (max-width: 548px) 100vw, 548px\" \/>\t\t\t\t\t\t\t\t\t\t\t\t\t\t\t<\/div>\n\t\t\t\t<\/div>\n\t\t\t\t\t<\/div>\n\t\t<\/div>\n\t\t\t\t\t\t\t<\/div>\n\t\t<\/section>\n\t\t\t\t\t\t<\/div>\n\t\t\t\t\t<\/div>\n\t\t","protected":false},"excerpt":{"rendered":"<p>Where ancient Jewish history and ritual meet in the Dutch Caribbean Mikv\u00e9 Israel-Emanuel The Mikv\u00e9 Israel-Emanuel synagogue in Cura\u00e7ao was consecrated in 1732. It is the oldest synagogue in continuous use in the Americas. The synagogue connects you to Spanish and Portuguese Jewish roots that can be traced back to the Iberian peninsula of the [&hellip;]<\/p>\n","protected":false},"author":2,"featured_media":0,"parent":0,"menu_order":0,"comment_status":"closed","ping_status":"closed","template":"elementor_theme","meta":{"footnotes":""},"class_list":["post-11","page","type-page","status-publish","hentry"],"_links":{"self":[{"href":"https:\/\/snoa.com\/new\/wp-json\/wp\/v2\/pages\/11","targetHints":{"allow":["GET"]}}],"collection":[{"href":"https:\/\/snoa.com\/new\/wp-json\/wp\/v2\/pages"}],"about":[{"href":"https:\/\/snoa.com\/new\/wp-json\/wp\/v2\/types\/page"}],"author":[{"embeddable":true,"href":"https:\/\/snoa.com\/new\/wp-json\/wp\/v2\/users\/2"}],"replies":[{"embeddable":true,"href":"https:\/\/snoa.com\/new\/wp-json\/wp\/v2\/comments?post=11"}],"version-history":[{"count":52,"href":"https:\/\/snoa.com\/new\/wp-json\/wp\/v2\/pages\/11\/revisions"}],"predecessor-version":[{"id":1002,"href":"https:\/\/snoa.com\/new\/wp-json\/wp\/v2\/pages\/11\/revisions\/1002"}],"wp:attachment":[{"href":"https:\/\/snoa.com\/new\/wp-json\/wp\/v2\/media?parent=11"}],"curies":[{"name":"wp","href":"https:\/\/api.w.org\/{rel}","templated":true}]}}